{"id":1876,"date":"2024-07-07T11:25:40","date_gmt":"2024-07-07T08:25:40","guid":{"rendered":"https:\/\/baba-sultan.com\/informazioni\/"},"modified":"2024-11-06T13:55:56","modified_gmt":"2024-11-06T11:55:56","slug":"informazioni","status":"publish","type":"page","link":"https:\/\/baba-sultan.com\/it\/informazioni\/","title":{"rendered":"Informazioni"},"content":{"rendered":"<p>[et_pb_section fb_built=&#8221;1&#8243; admin_label=&#8221;Header&#8221; _builder_version=&#8221;4.25.2&#8243; use_background_color_gradient=&#8221;on&#8221; background_color_gradient_stops=&#8221;rgba(0,0,0,0.5) 0%|#000000 100%&#8221; background_color_gradient_overlays_image=&#8221;on&#8221; background_color_gradient_start=&#8221;rgba(0,0,0,0.5)&#8221; background_color_gradient_end=&#8221;#000000&#8243; background_image=&#8221;https:\/\/baba-sultan.com\/wp-content\/uploads\/2024\/06\/about-cover.webp&#8221; custom_padding=&#8221;||24px||false|false&#8221; saved_tabs=&#8221;all&#8221; locked=&#8221;off&#8221; global_colors_info=&#8221;{}&#8221;][et_pb_row _builder_version=&#8221;4.16&#8243; global_colors_info=&#8221;{}&#8221;][et_pb_column type=&#8221;4_4&#8243; _builder_version=&#8221;4.16&#8243; global_colors_info=&#8221;{}&#8221;][et_pb_text _builder_version=&#8221;4.25.2&#8243; text_text_color=&#8221;rgba(255,255,255,0.5)&#8221; text_font_size=&#8221;16px&#8221; text_line_height=&#8221;1.8em&#8221; header_font=&#8221;&#8211;et_global_heading_font|300||on|||||&#8221; header_font_size=&#8221;6vw&#8221; header_line_height=&#8221;1.2em&#8221; header_3_font=&#8221;&#8211;et_global_heading_font|700||on|||||&#8221; header_3_text_color=&#8221;rgba(255,255,255,0.5)&#8221; header_3_font_size=&#8221;16px&#8221; header_3_letter_spacing=&#8221;2px&#8221; header_3_line_height=&#8221;1.4em&#8221; background_layout=&#8221;dark&#8221; header_3_font_size_tablet=&#8221;14px&#8221; header_3_font_size_phone=&#8221;&#8221; header_3_font_size_last_edited=&#8221;on|phone&#8221; text_text_align=&#8221;left&#8221; locked=&#8221;off&#8221; global_colors_info=&#8221;{}&#8221;]<\/p>\n<h1><strong>Informazioni<\/strong><\/h1>\n<p>[\/et_pb_text][\/et_pb_column][\/et_pb_row][\/et_pb_section][et_pb_section fb_built=&#8221;1&#8243; specialty=&#8221;on&#8221; admin_label=&#8221;Feature List&#8221; _builder_version=&#8221;4.25.2&#8243; background_color=&#8221;#000000&#8243; custom_padding=&#8221;50px||40px|||&#8221; global_colors_info=&#8221;{}&#8221;][et_pb_column type=&#8221;1_3&#8243; _builder_version=&#8221;4.16&#8243; custom_padding=&#8221;|||&#8221; global_colors_info=&#8221;{}&#8221; custom_padding__hover=&#8221;|||&#8221;][et_pb_text _builder_version=&#8221;4.25.2&#8243; text_font=&#8221;&#8211;et_global_heading_font|||on|||||&#8221; text_font_size=&#8221;16px&#8221; text_line_height=&#8221;1.8em&#8221; header_2_font=&#8221;&#8211;et_global_heading_font|300|||||||&#8221; header_2_font_size=&#8221;70px&#8221; header_2_line_height=&#8221;1.2em&#8221; header_3_font=&#8221;&#8211;et_global_heading_font|700||on|||||&#8221; header_3_text_color=&#8221;gcid-ef6d2f2d-a5a6-4c9c-bc4a-5ab57c5c9777&#8243; header_3_font_size=&#8221;16px&#8221; header_3_letter_spacing=&#8221;2px&#8221; header_3_line_height=&#8221;1.4em&#8221; background_layout=&#8221;dark&#8221; max_width=&#8221;600px&#8221; max_width_tablet=&#8221;400px&#8221; max_width_phone=&#8221;300px&#8221; max_width_last_edited=&#8221;on|phone&#8221; custom_margin=&#8221;-33px|||||&#8221; text_font_size_tablet=&#8221;15px&#8221; text_font_size_phone=&#8221;14px&#8221; text_font_size_last_edited=&#8221;on|phone&#8221; header_2_font_size_tablet=&#8221;40px&#8221; header_2_font_size_phone=&#8221;30px&#8221; header_2_font_size_last_edited=&#8221;on|phone&#8221; header_3_font_size_tablet=&#8221;14px&#8221; header_3_font_size_phone=&#8221;&#8221; header_3_font_size_last_edited=&#8221;on|phone&#8221; text_text_align=&#8221;left&#8221; locked=&#8221;off&#8221; global_colors_info=&#8221;{%22gcid-ef6d2f2d-a5a6-4c9c-bc4a-5ab57c5c9777%22:%91%22header_3_text_color%22%93}&#8221;]<\/p>\n<h3>Informazioni<\/h3>\n<h2>Baba<strong> Sultan<\/strong><\/h2>\n<p>La magia dei profumi orientali<\/p>\n<p>[\/et_pb_text][\/et_pb_column][et_pb_column type=&#8221;2_3&#8243; specialty_columns=&#8221;2&#8243; _builder_version=&#8221;4.16&#8243; custom_padding=&#8221;|||&#8221; global_colors_info=&#8221;{}&#8221; custom_padding__hover=&#8221;|||&#8221;][et_pb_row_inner column_structure=&#8221;1_3,1_3,1_3&#8243; custom_padding_last_edited=&#8221;on|phone&#8221; _builder_version=&#8221;4.25.2&#8243; custom_padding=&#8221;40px|40px|40px|40px|true|true&#8221; custom_padding_tablet=&#8221;30px|30px|30px|30px|true|true&#8221; custom_padding_phone=&#8221;20px|20px|20px|20px|true|true&#8221; border_width_all=&#8221;4px&#8221; border_color_all=&#8221;gcid-ef6d2f2d-a5a6-4c9c-bc4a-5ab57c5c9777&#8243; collapsed=&#8221;off&#8221; global_colors_info=&#8221;{%22gcid-ef6d2f2d-a5a6-4c9c-bc4a-5ab57c5c9777%22:%91%22border_color_all%22%93}&#8221;][et_pb_column_inner type=&#8221;1_3&#8243; saved_specialty_column_type=&#8221;2_3&#8243; _builder_version=&#8221;4.16&#8243; global_colors_info=&#8221;{}&#8221;][et_pb_text _builder_version=&#8221;4.25.2&#8243; header_3_font=&#8221;&#8211;et_global_heading_font|700||on|||||&#8221; header_3_line_height=&#8221;1.2em&#8221; background_layout=&#8221;dark&#8221; max_width=&#8221;600px&#8221; header_3_font_size_tablet=&#8221;20px&#8221; header_3_font_size_phone=&#8221;18px&#8221; header_3_font_size_last_edited=&#8221;on|phone&#8221; locked=&#8221;off&#8221; global_colors_info=&#8221;{}&#8221;]<\/p>\n<h3>Profumi Orientali<\/h3>\n<p>[\/et_pb_text][\/et_pb_column_inner][et_pb_column_inner type=&#8221;1_3&#8243; saved_specialty_column_type=&#8221;2_3&#8243; _builder_version=&#8221;4.16&#8243; global_colors_info=&#8221;{}&#8221;][et_pb_text _builder_version=&#8221;4.27.2&#8243; text_font=&#8221;&#8211;et_global_heading_font||||||||&#8221; header_font=&#8221;&#8211;et_global_heading_font||||||||&#8221; header_3_font=&#8221;&#8211;et_global_heading_font|700||on|||||&#8221; header_3_line_height=&#8221;1.2em&#8221; background_layout=&#8221;dark&#8221; max_width=&#8221;600px&#8221; header_3_font_size_tablet=&#8221;20px&#8221; header_3_font_size_phone=&#8221;18px&#8221; header_3_font_size_last_edited=&#8221;on|phone&#8221; locked=&#8221;off&#8221; global_colors_info=&#8221;{}&#8221;]<\/p>\n<h3>Cosmetici<\/h3>\n<p>[\/et_pb_text][\/et_pb_column_inner][et_pb_column_inner type=&#8221;1_3&#8243; saved_specialty_column_type=&#8221;2_3&#8243; _builder_version=&#8221;4.16&#8243; global_colors_info=&#8221;{}&#8221;][et_pb_text _builder_version=&#8221;4.25.2&#8243; header_3_font=&#8221;&#8211;et_global_heading_font|700||on|||||&#8221; header_3_line_height=&#8221;1.2em&#8221; background_layout=&#8221;dark&#8221; max_width=&#8221;600px&#8221; header_3_font_size_tablet=&#8221;20px&#8221; header_3_font_size_phone=&#8221;18px&#8221; header_3_font_size_last_edited=&#8221;on|phone&#8221; locked=&#8221;off&#8221; global_colors_info=&#8221;{}&#8221;]<\/p>\n<h3>Oli essenziali grezzi<\/h3>\n<p>[\/et_pb_text][\/et_pb_column_inner][\/et_pb_row_inner][\/et_pb_column][\/et_pb_section][et_pb_section fb_built=&#8221;1&#8243; admin_label=&#8221;CTA&#8221; _builder_version=&#8221;4.16&#8243; background_color=&#8221;#000000&#8243; locked=&#8221;off&#8221; global_colors_info=&#8221;{}&#8221; custom_padding=&#8221;17px||10px|||&#8221;][et_pb_row _builder_version=&#8221;4.16&#8243; max_width=&#8221;600px&#8221; global_colors_info=&#8221;{}&#8221;][et_pb_column type=&#8221;4_4&#8243; _builder_version=&#8221;4.16&#8243; global_colors_info=&#8221;{}&#8221;][et_pb_text _builder_version=&#8221;4.27.2&#8243; text_font=&#8221;&#8211;et_global_heading_font||||||||&#8221; text_text_color=&#8221;gcid-de749df5-82d7-4bad-ba2b-a56855f698d2&#8243; text_font_size=&#8221;16px&#8221; text_line_height=&#8221;1.8em&#8221; header_3_font=&#8221;&#8211;et_global_heading_font|700||on|||||&#8221; header_3_text_color=&#8221;gcid-ef6d2f2d-a5a6-4c9c-bc4a-5ab57c5c9777&#8243; header_3_font_size=&#8221;16px&#8221; header_3_letter_spacing=&#8221;2px&#8221; header_3_line_height=&#8221;1.4em&#8221; text_orientation=&#8221;center&#8221; background_layout=&#8221;dark&#8221; max_width=&#8221;600px&#8221; module_alignment=&#8221;center&#8221; hover_enabled=&#8221;0&#8243; text_font_size_tablet=&#8221;15px&#8221; text_font_size_phone=&#8221;14px&#8221; text_font_size_last_edited=&#8221;on|phone&#8221; header_3_font_size_tablet=&#8221;14px&#8221; header_3_font_size_phone=&#8221;&#8221; header_3_font_size_last_edited=&#8221;on|phone&#8221; global_colors_info=&#8221;{%22gcid-ef6d2f2d-a5a6-4c9c-bc4a-5ab57c5c9777%22:%91%22header_3_text_color%22%93,%22gcid-de749df5-82d7-4bad-ba2b-a56855f698d2%22:%91%22text_text_color%22%93}&#8221; sticky_enabled=&#8221;0&#8243;]<\/p>\n<h3>La Nostra Storia<\/h3>\n<p>Sono Sultan, fondatore di &#8220;Baba Sultan,&#8221; un negozio online specializzato in profumi orientali con sede a Sharm El-Sheikh e presente anche in Italia. Il mio viaggio nel settore della profumeria \u00e8 iniziato oltre vent&#8217;anni fa, spinto da una profonda passione per l&#8217;arte della creazione di profumi, ispirata alla civilt\u00e0 dell\u2019antico Egitto. Mi affascinavano i metodi dei faraoni, che raccoglievano fiori, li pressavano in torchi di legno e poi facevano stagionare l\u2019olio essenziale in vasi di terracotta sepolti sottoterra per sei mesi. Ho visto questi vasi nella stanza di Tutankhamon al Museo Egizio, e questa visione ha alimentato ancora di pi\u00f9 la mia dedizione per la profumeria.   <\/p>\n<p>Nel corso degli anni, ho notato diverse problematiche, in particolare i prezzi esorbitanti per i turisti o la vendita di profumi di bassa qualit\u00e0, che lasciavano un&#8217;impressione negativa di questa arte. Questo mi ha ispirato a fondare &#8220;Baba Sultan,&#8221; con l\u2019impegno di offrire prodotti di alta qualit\u00e0 a prezzi equi e accessibili. La nostra missione \u00e8 fornire un&#8217;esperienza onesta e trasparente che onori la vera arte della profumeria, deliziando i clienti sia a Sharm El-Sheikh che in Italia. <\/p>\n<p>[\/et_pb_text][\/et_pb_column][\/et_pb_row][\/et_pb_section][et_pb_section fb_built=&#8221;1&#8243; admin_label=&#8221;Why Choose Us&#8221; _builder_version=&#8221;4.16&#8243; background_color=&#8221;#000000&#8243; global_colors_info=&#8221;{}&#8221; custom_padding=&#8221;31px|||||&#8221;][et_pb_row _builder_version=&#8221;4.16&#8243; global_colors_info=&#8221;{}&#8221;][et_pb_column type=&#8221;4_4&#8243; _builder_version=&#8221;4.16&#8243; global_colors_info=&#8221;{}&#8221;][et_pb_text _builder_version=&#8221;4.25.2&#8243; text_text_color=&#8221;rgba(255,255,255,0.5)&#8221; text_font_size=&#8221;16px&#8221; text_line_height=&#8221;1.8em&#8221; header_2_font=&#8221;&#8211;et_global_heading_font|300|||||||&#8221; header_2_font_size=&#8221;70px&#8221; header_2_line_height=&#8221;1.2em&#8221; header_3_font=&#8221;&#8211;et_global_heading_font|700||on|||||&#8221; header_3_text_color=&#8221;gcid-ef6d2f2d-a5a6-4c9c-bc4a-5ab57c5c9777&#8243; header_3_font_size=&#8221;16px&#8221; header_3_letter_spacing=&#8221;2px&#8221; header_3_line_height=&#8221;1.4em&#8221; text_orientation=&#8221;center&#8221; background_layout=&#8221;dark&#8221; max_width=&#8221;600px&#8221; module_alignment=&#8221;center&#8221; header_2_font_size_tablet=&#8221;40px&#8221; header_2_font_size_phone=&#8221;30px&#8221; header_2_font_size_last_edited=&#8221;on|phone&#8221; header_3_font_size_tablet=&#8221;14px&#8221; header_3_font_size_phone=&#8221;&#8221; header_3_font_size_last_edited=&#8221;on|phone&#8221; global_colors_info=&#8221;{%22gcid-ef6d2f2d-a5a6-4c9c-bc4a-5ab57c5c9777%22:%91%22header_3_text_color%22%93}&#8221;]<\/p>\n<h3>Happy Viewers<\/h3>\n<h2>Perch\u00e9 <strong>Scegliere noi<\/strong><\/h2>\n<p>[\/et_pb_text][\/et_pb_column][\/et_pb_row][et_pb_row column_structure=&#8221;1_2,1_2&#8243; _builder_version=&#8221;4.25.2&#8243; global_colors_info=&#8221;{}&#8221;][et_pb_column type=&#8221;1_2&#8243; _builder_version=&#8221;4.25.2&#8243; custom_padding=&#8221;50px|40px|50px|40px|true|true&#8221; custom_padding_tablet=&#8221;30px|30px|30px|30px|true|true&#8221; custom_padding_phone=&#8221;20px|20px|20px|20px|true|true&#8221; custom_padding_last_edited=&#8221;on|phone&#8221; border_width_all=&#8221;4px&#8221; border_color_all=&#8221;gcid-ef6d2f2d-a5a6-4c9c-bc4a-5ab57c5c9777&#8243; global_colors_info=&#8221;{%22gcid-ef6d2f2d-a5a6-4c9c-bc4a-5ab57c5c9777%22:%91%22border_color_all%22%93}&#8221;][et_pb_heading title=&#8221;I nostri valori&#8221; _builder_version=&#8221;4.26.0&#8243; _module_preset=&#8221;default&#8221; title_font=&#8221;|600|||||||&#8221; title_text_align=&#8221;center&#8221; title_text_color=&#8221;gcid-1ceede91-71be-464b-930c-ee204c722893&#8243; title_font_size=&#8221;32px&#8221; global_colors_info=&#8221;{%22gcid-1ceede91-71be-464b-930c-ee204c722893%22:%91%22title_text_color%22%93}&#8221;][\/et_pb_heading][et_pb_text _builder_version=&#8221;4.26.0&#8243; text_font=&#8221;&#8211;et_global_heading_font||||||||&#8221; header_3_font=&#8221;Montserrat|700|||||||&#8221; header_3_line_height=&#8221;1.2em&#8221; background_layout=&#8221;dark&#8221; max_width=&#8221;600px&#8221; header_3_font_size_tablet=&#8221;20px&#8221; header_3_font_size_phone=&#8221;18px&#8221; header_3_font_size_last_edited=&#8221;on|phone&#8221; locked=&#8221;off&#8221; global_colors_info=&#8221;{}&#8221;]<\/p>\n<p>L\u2019obiettivo di noi di Baba Sultan \u00e8 quello di fornire ai nostri clienti un valore straordinario attraverso:<\/p>\n<ul>\n<li><strong>Fragranze orientali uniche:<\/strong> offriamo profumi orientali di alta qualit\u00e0 e unici che arricchiscono l&#8217;esperienza del cliente e aggiungono un tocco di lusso alla loro vita.<\/li>\n<li><strong>Prezzi locali: <\/strong>grazie al nostro modello di business online, possiamo offrire i nostri prodotti a prezzi locali competitivi, rendendo il lusso accessibile a tutti.<\/li>\n<li><strong>Rendere felici i clienti:<\/strong> il nostro obiettivo \u00e8 deliziare i nostri clienti con i nostri prodotti, affinch\u00e9 tornino nei loro paesi con bei ricordi di Sharm El Sheikh, grazie a Baba Sultan.<\/li>\n<li><strong>Impegno a mantenere le promesse:<\/strong> siamo impegnati a mantenere le nostre promesse, costruendo fiducia e migliorando la soddisfazione del cliente.<\/li>\n<li><strong>Promozione del turismo:<\/strong> offrendo un&#8217;esperienza unica ai visitatori di Sharm El Sheikh, contribuiamo a promuovere il turismo e a migliorare l&#8217;immagine della citt\u00e0 come destinazione di lusso.<\/li>\n<\/ul>\n<p>Alla Baba Sultan, crediamo che la soddisfazione del cliente e le esperienze positive avute con noi contribuiscano al passaparola positivo e incoraggino pi\u00f9 visitatori a scoprire la bellezza di Sharm El Sheikh.<\/p>\n<p>[\/et_pb_text][\/et_pb_column][et_pb_column type=&#8221;1_2&#8243; _builder_version=&#8221;4.25.2&#8243; custom_padding=&#8221;50px|40px|50px|40px|true|true&#8221; custom_padding_tablet=&#8221;30px|30px|30px|30px|true|true&#8221; custom_padding_phone=&#8221;20px|20px|20px|20px|true|true&#8221; custom_padding_last_edited=&#8221;on|phone&#8221; border_width_all=&#8221;4px&#8221; border_color_all=&#8221;gcid-ef6d2f2d-a5a6-4c9c-bc4a-5ab57c5c9777&#8243; global_colors_info=&#8221;{%22gcid-ef6d2f2d-a5a6-4c9c-bc4a-5ab57c5c9777%22:%91%22border_color_all%22%93}&#8221;][et_pb_heading title=&#8221;La Nostra Missione&#8221; _builder_version=&#8221;4.26.0&#8243; _module_preset=&#8221;default&#8221; title_font=&#8221;|600|||||||&#8221; title_text_align=&#8221;center&#8221; title_text_color=&#8221;gcid-1ceede91-71be-464b-930c-ee204c722893&#8243; title_font_size=&#8221;32px&#8221; global_colors_info=&#8221;{%22gcid-1ceede91-71be-464b-930c-ee204c722893%22:%91%22title_text_color%22%93}&#8221;][\/et_pb_heading][et_pb_text _builder_version=&#8221;4.26.0&#8243; text_font=&#8221;&#8211;et_global_heading_font||||||||&#8221; header_3_font=&#8221;Montserrat|700|||||||&#8221; header_3_line_height=&#8221;1.2em&#8221; background_layout=&#8221;dark&#8221; max_width=&#8221;600px&#8221; header_3_font_size_tablet=&#8221;20px&#8221; header_3_font_size_phone=&#8221;18px&#8221; header_3_font_size_last_edited=&#8221;on|phone&#8221; locked=&#8221;off&#8221; global_colors_info=&#8221;{}&#8221;]<\/p>\n<p>Alla &#8220;Baba Sultan&#8221; ti prendiamo per mano e ti facciamo vivere un&#8217;esperienza sensoriale lussuosa e unica nel mondo dei profumi orientali, delle candele e degli oli aromatici che rispettano i pi\u00f9 alti standard di qualit\u00e0 e sono accessibili ai migliori prezzi.<\/p>\n<ul>\n<li><strong>Qualit\u00e0 superiore e senza compromessi:<\/strong> utilizziamo i migliori ingredienti naturali per garantire prodotti di alta qualit\u00e0 che soddisfano le aspettative dei nostri clienti.<\/li>\n<li><strong>Migliori prezzi:<\/strong> grazie al nostro modello di business online, non ci sobbarchiamo dei costi di affitto, elettricit\u00e0 e stipendi. Questo ci permette di offrire i nostri prodotti a prezzi competitivi.<\/li>\n<li><strong>Comodit\u00e0 per il cliente:<\/strong> offriamo un servizio di ordini online con consegna veloce e diretta agli hotel di Sharm El Sheikh, garantendo comodit\u00e0 e facile accesso ai nostri prodotti.<\/li>\n<li><strong>Prodotti versatili:<\/strong> i nostri prodotti sono progettati per usi multipli, dalla fragranza per la casa alla cura della persona.<\/li>\n<li><strong>Affidabilit\u00e0 e trasparenza:<\/strong> sappiamo bene che sono molti i clienti che cercano profumi orientali. Ma sappiamo anche che sono numerosi i negozi in questo settore e che molti di essi sono sconosciuti e non documentati). Quello di &#8220;Baba Sultan&#8221; \u00e8 un sito conosciuto e affidabile e noi ci impegniamo a fornire ci\u00f2 che promettiamo con la massima qualit\u00e0 e i prezzi pi\u00f9 bassi. <\/li>\n<li><strong>Impatto del cliente:<\/strong> crediamo che la soddisfazione del cliente e la sua esperienza positiva siano fondamentali per la nostra crescita e prosperit\u00e0. Come cliente, puoi influenzare positivamente condividendo la tua esperienza o negativamente se trovi qualcosa che contrasta con quanto abbiamo promesso. Siamo impegnati a raggiungere la massima qualit\u00e0 e i prezzi locali.  <\/li>\n<li><strong>Pubblicit\u00e0 positiva:<\/strong> riteniamo che la soddisfazione del cliente e la sua esperienza positiva siano cruciali per la nostra crescita e prosperit\u00e0, poich\u00e9 contribuiscono a diffondere pubblicit\u00e0 positiva dopo l&#8217;uso dei nostri prodotti.<\/li>\n<\/ul>\n<p>[\/et_pb_text][\/et_pb_column][\/et_pb_row][\/et_pb_section]<\/p>\n","protected":false},"excerpt":{"rendered":"<p>InformazioniInformazioni Baba Sultan La magia dei profumi orientaliProfumi OrientaliCosmeticiOli essenziali grezziLa Nostra Storia Sono Sultan, fondatore di &#8220;Baba Sultan,&#8221; un negozio online specializzato in profumi orientali con sede a Sharm El-Sheikh e presente anche in Italia. Il mio viaggio nel settore della profumeria \u00e8 iniziato oltre vent&#8217;anni fa, spinto da una profonda passione per l&#8217;arte [&hellip;]<\/p>\n","protected":false},"author":1,"featured_media":0,"parent":0,"menu_order":0,"comment_status":"closed","ping_status":"closed","template":"","meta":{"_et_pb_use_builder":"on","_et_pb_old_content":"","_et_gb_content_width":"","iawp_total_views":33,"footnotes":""},"class_list":["post-1876","page","type-page","status-publish","hentry"],"jetpack_sharing_enabled":true,"_links":{"self":[{"href":"https:\/\/baba-sultan.com\/it\/wp-json\/wp\/v2\/pages\/1876","targetHints":{"allow":["GET"]}}],"collection":[{"href":"https:\/\/baba-sultan.com\/it\/wp-json\/wp\/v2\/pages"}],"about":[{"href":"https:\/\/baba-sultan.com\/it\/wp-json\/wp\/v2\/types\/page"}],"author":[{"embeddable":true,"href":"https:\/\/baba-sultan.com\/it\/wp-json\/wp\/v2\/users\/1"}],"replies":[{"embeddable":true,"href":"https:\/\/baba-sultan.com\/it\/wp-json\/wp\/v2\/comments?post=1876"}],"version-history":[{"count":13,"href":"https:\/\/baba-sultan.com\/it\/wp-json\/wp\/v2\/pages\/1876\/revisions"}],"predecessor-version":[{"id":3541,"href":"https:\/\/baba-sultan.com\/it\/wp-json\/wp\/v2\/pages\/1876\/revisions\/3541"}],"wp:attachment":[{"href":"https:\/\/baba-sultan.com\/it\/wp-json\/wp\/v2\/media?parent=1876"}],"curies":[{"name":"wp","href":"https:\/\/api.w.org\/{rel}","templated":true}]}}