{"id":1782,"date":"2024-08-07T16:16:51","date_gmt":"2024-08-07T13:16:51","guid":{"rendered":"https:\/\/baba-sultan.com\/product\/re-tutankhamun-oli-essenziali\/"},"modified":"2024-09-19T11:27:45","modified_gmt":"2024-09-19T08:27:45","slug":"re-tutankhamun-oli-essenziali","status":"publish","type":"product","link":"https:\/\/baba-sultan.com\/it\/product\/re-tutankhamun-oli-essenziali\/","title":{"rendered":"Re Tutankhamun (Oli Essenziali)"},"content":{"rendered":"<p>Il profumo \u201cTutankhamun\u201d di Baba Sultan incarna il lusso reale e l&#8217;eleganza moderna, proprio come l&#8217;illustre faraone Tutankhamon, uno dei pi\u00f9 grandi sovrani dell&#8217;antico Egitto. <br \/>Desideri immergerti nell&#8217;affascinante atmosfera dell&#8217;antico Egitto attraverso una fragranza? Vuoi sperimentare un profumo che unisce lo splendore storico al lusso moderno? Allora &#8221; Tutankhamun \u00e8 la scelta perfetta per te.    <strong>Note aromatiche del profumo Tutankhamun<\/strong><\/p>\n<ul>\n<li><strong>Note di testa:<\/strong> Bergamotto, Mandarino, Litchi.<\/li>\n<li><strong>Note di cuore:<\/strong> Fiori di arancio, Rosa di mare, Legno di rosa, Legno di bamb\u00f9.<\/li>\n<li><strong>Note di fondo:<\/strong> Ambra, Muschio, Tonka.<\/li>\n<\/ul>\n<p><strong>Benefici del profumo Tutankhamun<\/strong><\/p>\n<ul>\n<li><strong>Un tuffo nella storia:<\/strong> lasciati avvolgere da aromi che evocano l&#8217;antica civilt\u00e0 egizia, aggiungendo profondit\u00e0 e fascino storico alla tua esperienza olfattiva.<\/li>\n<li><strong>Equilibrio perfetto:<\/strong> un connubio di lusso reale ed eleganza moderna, irresistibile per chi cerca bellezza e distinzione.<\/li>\n<li><strong>Calore avvolgente e duraturo:<\/strong> ricche note di ambra bianca e legni pregiati regalano una sensazione di comfort per tutta la giornata.<\/li>\n<li><strong>Charme irresistibile:<\/strong> aumenta la sicurezza in te stesso e attira l&#8217;attenzione con questa fragranza unica e seducente.<\/li>\n<\/ul>\n<p> Scegliendo il profumo Tutankhamun, intraprenderai un straordinario viaggio olfattivo che ti porter\u00e0 nel cuore dell&#8217;eleganza e del lusso, esaltando la tua personalit\u00e0 con uno stile unico che riflette lo spirito raffinato e la ricca cultura dell&#8217;antica civilt\u00e0 egizia. <strong>Breve Biografia di Re Tutankhamon<\/strong><\/p>\n<ul>\n<li><strong>Nome: <\/strong>Tutankhamon<\/li>\n<li><strong>Epoca:<\/strong> XIV secolo a.C. (Regn\u00f2 dal 1332 a.C. al 1323 a.C.)<\/li>\n<li><strong>Titolo:<\/strong> Il Faraone Bambino<\/li>\n<li><strong>Regno:<\/strong> Antico Egitto<\/li>\n<\/ul>\n<p><strong>Sulla sua personalit\u00e0:<\/strong><br \/>Re Tutankhamon, conosciuto come il Faraone Bambino, govern\u00f2 l&#8217;antico Egitto durante la XVIII dinastia. Sal\u00ec al trono all&#8217;et\u00e0 di nove anni, diventando un simbolo di mistero e fascino storico, soprattutto dopo la scoperta della sua famosa tomba nella Valle dei Re nel 1922.  <strong>Principali Successi:<\/strong><\/p>\n<ul>\n<li><strong>Restaurazione del culto tradizionale:<\/strong> Durante il suo regno, Tutankhamon si impegn\u00f2 a ripristinare il culto tradizionale degli dei egizi, sovvertito dal suo predecessore, il faraone Akhenaton<\/li>\n<li><strong>Riforme politiche:<\/strong> modific\u00f2 le norme religiose e politiche stabilite dal suo predecessore, cercando di ristabilire la stabilit\u00e0 nel paese.<\/li>\n<li><strong>Scoperta della sua tomba:<\/strong> sebbene Tutankhamon non fosse uno dei faraoni pi\u00f9 potenti, la scoperta della sua tomba nella Valle dei Re fu uno dei pi\u00f9 grandi ritrovamenti archeologici del XX secolo. La tomba contiene tesori inestimabili e offre una finestra unica sulla vita e sulla morte nell&#8217;antico Egitto. <\/li>\n<\/ul>\n<p><strong>Personalit\u00e0 e carisma:<\/strong><br \/>Tutankhamon, il giovane faraone, \u00e8 stato un simbolo di mistero e fascino regale. Incarna cambiamento, speranza e rinnovamento, diventando un&#8217;icona ispiratrice.   Scegliendo il profumo Tutankhamun, intraprendi un viaggio olfattivo straordinario, immergendoti in un mondo di eleganza e lusso. Il tuo carisma ne sar\u00e0 esaltato, rispecchiando lo spirito raffinato e la ricca cultura dell&#8217;antico Egitto.<\/p>\n","protected":false},"excerpt":{"rendered":"<p>Il profumo \u201cTutankhamun\u201d di Baba Sultan incarna il lusso reale e l&#8217;eleganza moderna, proprio come l&#8217;illustre faraone Tutankhamon, uno dei pi\u00f9 grandi sovrani dell&#8217;antico Egitto. <br \/>Desideri immergerti nell&#8217;affascinante atmosfera dell&#8217;antico Egitto attraverso una fragranza? Vuoi sperimentare un profumo che unisce lo splendore storico al lusso moderno? Allora &#8221; Tutankhamun \u00e8 la scelta perfetta per te.    <\/p>\n<ul>\n<li><strong>Note di testa:<\/strong> Bergamotto, Mandarino, Litchi.<\/li>\n<li><strong>Note di cuore:<\/strong> Fiori di arancio, Rosa di mare, Legno di rosa, Legno di bamb\u00f9.<\/li>\n<li><strong>Note di fondo:<\/strong> Ambra, Muschio, Tonka.<\/li>\n<\/ul>\n","protected":false},"featured_media":3252,"comment_status":"open","ping_status":"closed","template":"","meta":{"_et_pb_use_builder":"","_et_pb_old_content":"","_et_gb_content_width":"","iawp_total_views":7},"product_cat":[662],"product_tag":[515,487,527,822,503,820,489,565,821,525],"class_list":{"0":"post-1782","1":"product","2":"type-product","3":"status-publish","4":"has-post-thumbnail","6":"product_cat-re-it","7":"product_tag-ambra","8":"product_tag-bergamotto","9":"product_tag-fiori-di-arancio","10":"product_tag-legno-di-bambu","11":"product_tag-legno-di-rosa","12":"product_tag-litchi","13":"product_tag-mandarino","14":"product_tag-muschio","15":"product_tag-rosa-di-mare","16":"product_tag-tonka-it","18":"first","19":"instock","20":"shipping-taxable","21":"purchasable","22":"product-type-variable"},"jetpack_sharing_enabled":true,"_links":{"self":[{"href":"https:\/\/baba-sultan.com\/it\/wp-json\/wp\/v2\/product\/1782","targetHints":{"allow":["GET"]}}],"collection":[{"href":"https:\/\/baba-sultan.com\/it\/wp-json\/wp\/v2\/product"}],"about":[{"href":"https:\/\/baba-sultan.com\/it\/wp-json\/wp\/v2\/types\/product"}],"replies":[{"embeddable":true,"href":"https:\/\/baba-sultan.com\/it\/wp-json\/wp\/v2\/comments?post=1782"}],"wp:featuredmedia":[{"embeddable":true,"href":"https:\/\/baba-sultan.com\/it\/wp-json\/wp\/v2\/media\/3252"}],"wp:attachment":[{"href":"https:\/\/baba-sultan.com\/it\/wp-json\/wp\/v2\/media?parent=1782"}],"wp:term":[{"taxonomy":"product_cat","embeddable":true,"href":"https:\/\/baba-sultan.com\/it\/wp-json\/wp\/v2\/product_cat?post=1782"},{"taxonomy":"product_tag","embeddable":true,"href":"https:\/\/baba-sultan.com\/it\/wp-json\/wp\/v2\/product_tag?post=1782"}],"curies":[{"name":"wp","href":"https:\/\/api.w.org\/{rel}","templated":true}]}}