{"id":1787,"date":"2024-07-01T11:15:12","date_gmt":"2024-07-01T08:15:12","guid":{"rendered":"https:\/\/baba-sultan.com\/product\/re-khufu\/"},"modified":"2024-07-01T11:15:12","modified_gmt":"2024-07-01T08:15:12","slug":"re-khufu","status":"publish","type":"product","link":"https:\/\/baba-sultan.com\/it\/product\/re-khufu\/","title":{"rendered":"Re Khufu"},"content":{"rendered":"<p>Il profumo \u201cKhufu\u201d di Baba Sultan cattura lo spirito grandioso e la creativit\u00e0 riflessa nel patrimonio degli antichi faraoni egizi. Se sei alla ricerca di un&#8217;esperienza olfattiva che catturi l&#8217;attenzione e ti porti in un viaggio unico in un mondo ricco di storia e magia, il profumo Khufu \u00e8 la scelta ideale per te.  <\/p>\n<h3>Profumo Khufu &#8211; L&#8217;Architetto della Grande Piramide<\/h3>\n<p><strong>Note aromatiche del profumo Khufu:<\/strong><\/p>\n<ul>\n<li><strong>Note di testa:<\/strong>\n<ul>\n<li>menta, bergamotto, aldeidi<\/li>\n<\/ul>\n<\/li>\n<li><strong>Note di cuore:<\/strong>\n<ul>\n<li>lavanda, sandalo<\/li>\n<\/ul>\n<\/li>\n<li><strong>Note di fondo:<\/strong>\n<ul>\n<li>fava tonka, patchouli<\/li>\n<\/ul>\n<\/li>\n<\/ul>\n<p> Queste note creano un perfetto equilibrio tra vivacit\u00e0 rinfrescante e calore profondo, rendendolo ideale sia per l&#8217;uso quotidiano che per le occasioni pi\u00f9 formali. <\/p>\n<h3>Perch\u00e9 scegliere il profumo Khufu?<\/h3>\n<p> Il profumo Khufu non soltanto incarna una fragranza unica e attraente (che si esprimono nella bellezza delle sue essenze), ma \u00e8 anche espressione di una ricca e maestosa eredit\u00e0 storica. Scegliere questo profumo infatti significa lasciarsi condurre in un viaggio indimenticabile nel magnifico passato egiziano, guidati dal senso di grandezza e forza che caratterizzava gli antichi sovrani d&#8217;Egitto. Fino a godere del fascino antico e del genio architettonico della Grande Piramide di Giza.   <\/p>\n<h3>Breve Biografia di Re Khufu<\/h3>\n<ul>\n<li><strong>Nome:<\/strong> Khufu<\/li>\n<li><strong>Epoca:<\/strong> Regn\u00f2 dal 2589 a.C. al 2566 a.C. durante la Quarta Dinastia degli antichi faraoni egizi.<\/li>\n<li><strong>Titolo:<\/strong> &#8220;Khufu il Venerato&#8221;<\/li>\n<li><strong>Regno:<\/strong> Antico Egitto<\/li>\n<\/ul>\n<h3>Principali Successi:<\/h3>\n<ol>\n<li><strong>Costruzione della grande Piramide di Giza:<\/strong> la Grande Piramide di Giza \u00e8 una delle sette meraviglie del mondo antico, un&#8217;opera ingegneristica unica e straordinaria che riflette la capacit\u00e0 e la creativit\u00e0 umana.<\/li>\n<li><strong>Stabilit\u00e0 e sviluppo: <\/strong>Khufu riusc\u00ec a rafforzare la stabilit\u00e0 interna in Egitto e a raggiungere uno sviluppo economico, contribuendo alla prosperit\u00e0 e alla continuit\u00e0 del regno.<\/li>\n<\/ol>\n<p> Scegliendo il profumo Khufu, intraprenderai un straordinario viaggio olfattivo che ti trasporter\u00e0 in un mondo di eleganza e lusso, rappresentativo della civilt\u00e0 egizia. La tua personalit\u00e0 risplender\u00e0 di grandiosit\u00e0 e creativit\u00e0, come i faraoni d&#8217;Egitto.<\/p>\n","protected":false},"excerpt":{"rendered":"<p>Il profumo \u201cKhufu\u201d di Baba Sultan cattura lo spirito grandioso e la creativit\u00e0 riflessa nel patrimonio degli antichi faraoni egizi. Se sei alla ricerca di un&#8217;esperienza olfattiva che catturi l&#8217;attenzione e ti porti in un viaggio unico in un mondo ricco di storia e magia, il profumo Khufu \u00e8 la scelta ideale per te.<br \/>Profumo Khufu &#8211; L&#8217;Architetto della Grande Piramide<br \/>Note aromatiche del profumo Khufu:<br \/><strong>Note di testa:<\/strong> menta, bergamotto, aldeidi<br \/><strong>Note di cuore:<\/strong> lavanda, sandalo<br \/><strong>Note di fondo: <\/strong>fava tonka, patchouli <\/p>\n","protected":false},"featured_media":2734,"comment_status":"open","ping_status":"closed","template":"","meta":{"_et_pb_use_builder":"","_et_pb_old_content":"","_et_gb_content_width":"","iawp_total_views":18},"product_cat":[451],"product_tag":[521,487,523,519,501,499,525],"class_list":{"0":"post-1787","1":"product","2":"type-product","3":"status-publish","4":"has-post-thumbnail","6":"product_cat-re","7":"product_tag-aldeidici","8":"product_tag-bergamotto","9":"product_tag-lavanda","10":"product_tag-menta","11":"product_tag-patchouli-it","12":"product_tag-sandalo","13":"product_tag-tonka-it","15":"first","16":"instock","17":"shipping-taxable","18":"purchasable","19":"product-type-variable"},"jetpack_sharing_enabled":true,"_links":{"self":[{"href":"https:\/\/baba-sultan.com\/it\/wp-json\/wp\/v2\/product\/1787","targetHints":{"allow":["GET"]}}],"collection":[{"href":"https:\/\/baba-sultan.com\/it\/wp-json\/wp\/v2\/product"}],"about":[{"href":"https:\/\/baba-sultan.com\/it\/wp-json\/wp\/v2\/types\/product"}],"replies":[{"embeddable":true,"href":"https:\/\/baba-sultan.com\/it\/wp-json\/wp\/v2\/comments?post=1787"}],"wp:featuredmedia":[{"embeddable":true,"href":"https:\/\/baba-sultan.com\/it\/wp-json\/wp\/v2\/media\/2734"}],"wp:attachment":[{"href":"https:\/\/baba-sultan.com\/it\/wp-json\/wp\/v2\/media?parent=1787"}],"wp:term":[{"taxonomy":"product_cat","embeddable":true,"href":"https:\/\/baba-sultan.com\/it\/wp-json\/wp\/v2\/product_cat?post=1787"},{"taxonomy":"product_tag","embeddable":true,"href":"https:\/\/baba-sultan.com\/it\/wp-json\/wp\/v2\/product_tag?post=1787"}],"curies":[{"name":"wp","href":"https:\/\/api.w.org\/{rel}","templated":true}]}}