{"id":1896,"date":"2024-08-07T16:52:33","date_gmt":"2024-08-07T13:52:33","guid":{"rendered":"https:\/\/baba-sultan.com\/product\/sharm-el-sheikh-oli-essenziali\/"},"modified":"2024-09-19T11:38:04","modified_gmt":"2024-09-19T08:38:04","slug":"sharm-el-sheikh-oli-essenziali","status":"publish","type":"product","link":"https:\/\/baba-sultan.com\/it\/product\/sharm-el-sheikh-oli-essenziali\/","title":{"rendered":"Sharm El-Sheikh (Oli Essenziali)"},"content":{"rendered":"<p><strong>Sharm El-Sheikh: eleganza e fascino<\/strong><br \/>Intraprendi un viaggio straordinario di bellezza ed eleganza con &#8220;Sharm El-Sheikh&#8221; di Baba Sultan. Questo lussuoso profumo combina gli inebrianti profumi della natura con la splendida bellezza costiera di Sharm El-Sheikh, rendendolo il compagno perfetto sia per uomini che per donne.<br \/>Grazie alla sua composizione armoniosa e bilanciata, &#8220;Sharm El-Sheikh&#8221; offre un&#8217;esperienza olfattiva ideale per chi emana eleganza e prestigio. Scegli questo profumo per mostrare il tuo stile unico e catturare l&#8217;attenzione in ogni occasione.<br \/><strong>Note di fragranza di &#8220;Sharm El-Sheikh&#8221;:<\/strong><br \/><strong>Note di testa:<\/strong> lampone, arancia, bergamotto, foglie di fico.     <strong>Note di cuore:<\/strong> zucchero filato, liquirizia, fragola, frutti rossi, mughetto.<br \/><strong>Note di fondo:<\/strong> caramello, vaniglia, muschio, fava tonka, sandalo.<br \/><strong>Benefici del profumo Sharm El-Sheikh di Baba Sultan:<\/strong><br \/><strong>Miglioramento dell&#8217;umore:<\/strong> le note agrumate e fruttate aumentano il senso di freschezza e la felicit\u00e0, contribuendo a migliorare l&#8217;umore.<br \/><strong>Rilassamento:<\/strong> ingredienti come la vaniglia e il legno di sandalo agiscono come rilassanti naturali, promuovendo calma e tranquillit\u00e0.<br \/><strong>Aumento della tua energia:<\/strong> le note fruttate e floreali aggiungono un tocco rinfrescante e tonificante, donandoti una sensazione di energia e vitalit\u00e0.<br \/><strong>Sarai irresistibile:<\/strong> elementi dolci come il caramello e lo zucchero filato aggiungono un tocco tentatore e attraente, rendendo la fragranza irresistibile.<br \/>Inalando questo profumo, sentirai una miscela di freschezza, dolcezza e calore, che ti far\u00e0 distinguere e attirerai l&#8217;attenzione in ogni occasione.<br \/><strong>Breve guida turistica su Sharm El-Sheikh:<\/strong> costumi e tradizioni degli abitanti e dei lavoratori<br \/>Sharm El-Sheikh, l&#8217;incantevole citt\u00e0 sulla costa del Mar Rosso, \u00e8 una delle principali destinazioni turistiche dell&#8217;Egitto. Tuttavia, ci sono aspetti culturali e sociali che distinguono i suoi abitanti e lavoratori che vale la pena conoscere. Ecco alcune informazioni chiave:         <\/p>\n<ol>\n<li><strong> Ruolo delle donne nel lavoro<\/strong><\/li>\n<\/ol>\n<p> Un aspetto che colpisce i turisti che giungono a Sharm El-Sheikh \u00e8 la scarsit\u00e0 di donne che lavorano in citt\u00e0. Alcuni potrebbero erroneamente pensare che le donne in Egitto e in Medio Oriente generalmente non lavorino, ma la realt\u00e0 \u00e8 ben diversa. Le donne in Egitto occupano ogni tipo di posizione, dai ministri agli ingegneri, ai medici, e svolgono con dignit\u00e0 anche i mestieri manuali. <br \/>Tuttavia, la natura geografica di Sharm El-Sheikh, situata a circa 500 chilometri da Il Cairo, gioca un ruolo fondamentale sulla loro presenza in citt\u00e0. Le consuetudini sociali in Egitto enfatizzano la necessit\u00e0 per le donne di tornare quotidianamente a casa dopo il lavoro, cosa difficile da fare per chi lavora a Sharm El-Sheikh, a causa della distanza di casa e famiglia. Pertanto, poche famiglie permettono alle loro figlie di lavorare l\u00ec. Il ch\u00e9 spiega lo scarso numero di donne lavoratrici in citt\u00e0.      <\/p>\n<ol start=\"2\">\n<li><strong> Origine dei lavoratori a Sharm El-Sheikh<\/strong><\/li>\n<\/ol>\n<p> La stragrande maggioranza dei lavoratori negli hotel e nei negozi di Sharm El-Sheikh non \u00e8 originaria della citt\u00e0, ma arriva in citt\u00e0 per lavoro proveniendo da varie province dell&#8217;Egitto. Gli abitanti originari di Sharm El-Sheikh sono invece i beduini, che si possono incontrare facilmente durante i safari e le escursioni a Ras Mohamed.  <\/p>\n<ol start=\"3\">\n<li><strong> L&#8217;Arte della contrattazione nello shopping<\/strong><\/li>\n<\/ol>\n<p> Quando i turisti fanno shopping a Sharm El-Sheikh, potrebbero scoprire che i prezzi sono superiori alle proprie aspettative. Il consiglio \u00e8 di non farsi prendere dalla fretta, ma di contrattare con il venditore per raggiungere un prezzo giusto. La negoziazione fa parte dell&#8217;esperienza di shopping in Egitto, e spesso i turisti trovano questa sfida pi\u00f9 piacevole di quanto si aspettino. La contrattazione \u00e8 parte integrante dell&#8217;esperienza di shopping in Egitto e fa parte del gioco; e per i turisti spesso \u00e8 pi\u00f9 divertente di quanto potrebbero immaginare.   <\/p>\n<ol start=\"4\">\n<li><strong> Disparit\u00e0 economiche in Egitto<\/strong><\/li>\n<\/ol>\n<p> L&#8217;Egitto si trova ad affrontare una complessa situazione economica, ma questo non significa che tutti gli egiziani siano poveri. Nel Paese esiste una significativa disparit\u00e0 economica, con face di popolazione molto ricche, altre appartenenti alla classe media e altre ancora povere. Ad esempio, un addetto alle pulizie di un hotel guadagna il salario minimo e il suo reddito dipende molto dalle mance dei clienti. Al contrario, coloro che vendono servizi come i massaggi o i tour a Sharm El-Sheikh, o i venditori nei negozi rappresentano una classe economica media, che conta pi\u00f9 sulle proprie capacit\u00e0 di vendita che sulle mance.    <\/p>\n<ol start=\"5\">\n<li><strong> Attenzione alla manipolazione emotiva<\/strong><\/li>\n<\/ol>\n<p> I turisti sono invitati a non cadere nella trappola della manipolazione emotiva quando hanno a che fare con i venditori. Se qualcuno cerca di ottenere simpatia parlando dei propri figli o affermando di subire persecuzioni religiose, siate cauti! Questi metodi non sono segni di professionalit\u00e0, ma piuttosto un tentativo di influenzare emotivamente i vostri acquisti.<br \/>In conclusione, cari turisti, godetevi il vostro viaggio e affrontate le situazioni con saggezza. Sharm El-Sheikh \u00e8 una citt\u00e0 bellissima che combina bellezza naturale e ricca cultura, e il vostro viaggio sar\u00e0 sicuramente un&#8217;esperienza indimenticabile. Buon viaggio!<\/p>\n","protected":false},"excerpt":{"rendered":"<p><strong>Profumo Sharm El-Sheikh: eleganza e fascino<\/strong><br \/>Intraprendi un viaggio straordinario di bellezza ed eleganza con &#8220;Sharm El-Sheikh&#8221; di Baba Sultan. Questo lussuoso profumo combina gli inebrianti profumi della natura con la splendida bellezza costiera di Sharm El-Sheikh, rendendolo il compagno perfetto sia per uomini che per donne.<br \/>Grazie alla sua composizione armoniosa e bilanciata, &#8220;Sharm El-Sheikh&#8221; offre un&#8217;esperienza olfattiva ideale per chi emana eleganza e prestigio. Scegli questo profumo per mostrare il tuo stile unico e catturare l&#8217;attenzione in ogni occasione.<br \/><strong>Note di fragranza di &#8220;Sharm El-Sheikh&#8221;:<\/strong><br \/><strong>Note di testa:<\/strong> lampone, arancia, bergamotto, foglie di fico.<br \/><strong>Note di cuore:<\/strong> zucchero filato, liquirizia, fragola, frutti rossi, mughetto.<br \/><strong>Note di fondo:<\/strong> caramello, vaniglia, muschio, fava tonka, sandalo.   <\/p>\n","protected":false},"featured_media":3240,"comment_status":"open","ping_status":"closed","template":"","meta":{"_et_pb_use_builder":"","_et_pb_old_content":"","_et_gb_content_width":"","iawp_total_views":7},"product_cat":[673],"product_tag":[569,579,487,583,571,577,567,585,575,581,565,499,525,551,573],"class_list":{"0":"post-1896","1":"product","2":"type-product","3":"status-publish","4":"has-post-thumbnail","6":"product_cat-unisex-it","7":"product_tag-arancio","8":"product_tag-bacche-rosse","9":"product_tag-bergamotto","10":"product_tag-caramello","11":"product_tag-foglie-di-fico","12":"product_tag-fragola","13":"product_tag-lampone","14":"product_tag-leguminose","15":"product_tag-liquirizia","16":"product_tag-mughetto","17":"product_tag-muschio","18":"product_tag-sandalo","19":"product_tag-tonka-it","20":"product_tag-vaniglia","21":"product_tag-zucchero-filato","23":"first","24":"instock","25":"shipping-taxable","26":"purchasable","27":"product-type-variable"},"jetpack_sharing_enabled":true,"_links":{"self":[{"href":"https:\/\/baba-sultan.com\/it\/wp-json\/wp\/v2\/product\/1896","targetHints":{"allow":["GET"]}}],"collection":[{"href":"https:\/\/baba-sultan.com\/it\/wp-json\/wp\/v2\/product"}],"about":[{"href":"https:\/\/baba-sultan.com\/it\/wp-json\/wp\/v2\/types\/product"}],"replies":[{"embeddable":true,"href":"https:\/\/baba-sultan.com\/it\/wp-json\/wp\/v2\/comments?post=1896"}],"wp:featuredmedia":[{"embeddable":true,"href":"https:\/\/baba-sultan.com\/it\/wp-json\/wp\/v2\/media\/3240"}],"wp:attachment":[{"href":"https:\/\/baba-sultan.com\/it\/wp-json\/wp\/v2\/media?parent=1896"}],"wp:term":[{"taxonomy":"product_cat","embeddable":true,"href":"https:\/\/baba-sultan.com\/it\/wp-json\/wp\/v2\/product_cat?post=1896"},{"taxonomy":"product_tag","embeddable":true,"href":"https:\/\/baba-sultan.com\/it\/wp-json\/wp\/v2\/product_tag?post=1896"}],"curies":[{"name":"wp","href":"https:\/\/api.w.org\/{rel}","templated":true}]}}