{"id":1941,"date":"2024-08-08T13:13:23","date_gmt":"2024-08-08T10:13:23","guid":{"rendered":"https:\/\/baba-sultan.com\/product\/queen-hatshepsut-oli-essenziali\/"},"modified":"2024-09-19T11:06:03","modified_gmt":"2024-09-19T08:06:03","slug":"queen-hatshepsut-oli-essenziali","status":"publish","type":"product","link":"https:\/\/baba-sultan.com\/it\/product\/queen-hatshepsut-oli-essenziali\/","title":{"rendered":"Queen Hatshepsut (Oli Essenziali)"},"content":{"rendered":"<p><strong>&#8220;Queen Hatshepsut&#8221; di Baba Sultan<\/strong><br \/>Preparati a scoprire una fragranza che incarna lo spirito e l&#8217;eleganza di una delle pi\u00f9 grandi regine della storia antica egiziana: la Regina Hatshepsut. &#8220;Queen Hatshepsut&#8221; (Regina Hatshepsut) di Baba Sultan \u00e8 un tributo alla femminilit\u00e0 regale e alla forza intrinseca di ogni donna. Ispirato al regno della famosa regina nota per la sua saggezza e l&#8217;impatto indelebile che ebbe nella storia, questo profumo combina lusso e brillantezza in un&#8217;esperienza olfattiva senza pari.   &#8220;Queen Hatshepsut&#8221; \u00e8 la scelta ideale per le donne che cercano una fragranza che rispecchi la loro personalit\u00e0 forte e affascinante. Con emanerai un&#8217;aura di lusso ed eleganza, rafforzando la tua sicurezza in ogni situazione.  Fai del profumo &#8220;Queen Hatshepsut&#8221; il tuo compagno quotidiano che ti permette di distinguerti con un fascino regale e un&#8217;eleganza ineguagliabile. Un profumo che ti far\u00e0 sentire pi\u00f9 forte e bella ad ogni spruzzo. <strong>Note di testa:<\/strong><\/p>\n<ul>\n<li>bergamotto, fragola<\/li>\n<\/ul>\n<p><strong>Note di cuore:<\/strong><\/p>\n<ul>\n<li>gelsomino, fiore d&#8217;arancio, rosa<\/li>\n<\/ul>\n<p><strong>Note di fondo:<\/strong><\/p>\n<ul>\n<li>sandalo, vaniglia, muschio bianco<\/li>\n<\/ul>\n<p><strong>Breve biografia della regina Hatshepsut<\/strong><br \/>La regina Hatshepsut, nata nel 1508 a.C., era figlia del Re Thutmose I e della Regina Ahmose, ed \u00e8 stata la quinta sovrana della XVIII dinastia dell&#8217;antico Egitto. Dopo la morte del marito, Thutmose II, Hatshepsut regn\u00f2 come regina reggente al fianco del giovane re Thutmose III, e poi come regina e figlia del dio Amon.  Hatshepsut \u00e8 rinomata per il suo regno pacifico e prospero, durante il quale si svolsero significative attivit\u00e0 nel campo delle costruzioni e del commercio. Restaur\u00f2 molti antichi templi, tra cui il Tempio di Karnak e il complesso di Deir el-Bahari a Luxor, dove fece edificare il proprio tempio.  Guid\u00f2 importanti spedizioni commerciali verso la Terra di Punt (l&#8217;odierna Somalia) e l&#8217;Oceano Atlantico, e riusc\u00ec a rilanciare con successo l\u2019opera estrattiva delle miniere e delle cave egiziane, inclusi i giacimenti di rame nel Sinai, che erano stati a lungo trascurati. Hatshepsut \u00e8 anche una delle prime donne nella storia antica a governare l&#8217;Egitto, riuscendo a inviare grandi spedizioni navali ed espandendo il commercio e la cultura egizia durante la sua era.<\/p>\n","protected":false},"excerpt":{"rendered":"<p><strong>&#8220;Queen Hatshepsut&#8221; di Baba Sultan<\/strong><br \/>Preparati a scoprire una fragranza che incarna lo spirito e l&#8217;eleganza di una delle pi\u00f9 grandi regine della storia antica egiziana: la Regina Hatshepsut. &#8220;Queen Hatshepsut&#8221; (Regina Hatshepsut) di Baba Sultan \u00e8 un tributo alla femminilit\u00e0 regale e alla forza intrinseca di ogni donna. Ispirato al regno della famosa regina nota per la sua saggezza e l&#8217;impatto indelebile che ebbe nella storia, questo profumo combina lusso e brillantezza in un&#8217;esperienza olfattiva senza pari.   &#8220;Queen Hatshepsut&#8221; \u00e8 la scelta ideale per le donne che cercano una fragranza che rispecchi la loro personalit\u00e0 forte e affascinante. Con emanerai un&#8217;aura di lusso ed eleganza, rafforzando la tua sicurezza in ogni situazione.  Fai del profumo &#8220;Queen Hatshepsut&#8221; il tuo compagno quotidiano che ti permette di distinguerti con un fascino regale e un&#8217;eleganza ineguagliabile. Un profumo che ti far\u00e0 sentire pi\u00f9 forte e bella ad ogni spruzzo.<\/p>\n<p>Note aromatiche del profumo Queen Hatshepsut&#8221;<br \/><strong>Note di testa: <\/strong>bergamotto, fragola<br \/><strong>Note di cuore:<\/strong> gelsomino, fiore d&#8217;arancio, rosa<br \/><strong>Note di fondo:<\/strong> sandalo, vaniglia, muschio bianco<\/p>\n","protected":false},"featured_media":3212,"comment_status":"open","ping_status":"closed","template":"","meta":{"_et_pb_use_builder":"","_et_pb_old_content":"","_et_gb_content_width":"","iawp_total_views":2},"product_cat":[672],"product_tag":[487,527,577,533,635,495,499,551],"class_list":{"0":"post-1941","1":"product","2":"type-product","3":"status-publish","4":"has-post-thumbnail","6":"product_cat-regine-it","7":"product_tag-bergamotto","8":"product_tag-fiori-di-arancio","9":"product_tag-fragola","10":"product_tag-gelsomino","11":"product_tag-muschio-bianco","12":"product_tag-rosa","13":"product_tag-sandalo","14":"product_tag-vaniglia","16":"first","17":"instock","18":"shipping-taxable","19":"purchasable","20":"product-type-variable"},"jetpack_sharing_enabled":true,"_links":{"self":[{"href":"https:\/\/baba-sultan.com\/it\/wp-json\/wp\/v2\/product\/1941","targetHints":{"allow":["GET"]}}],"collection":[{"href":"https:\/\/baba-sultan.com\/it\/wp-json\/wp\/v2\/product"}],"about":[{"href":"https:\/\/baba-sultan.com\/it\/wp-json\/wp\/v2\/types\/product"}],"replies":[{"embeddable":true,"href":"https:\/\/baba-sultan.com\/it\/wp-json\/wp\/v2\/comments?post=1941"}],"wp:featuredmedia":[{"embeddable":true,"href":"https:\/\/baba-sultan.com\/it\/wp-json\/wp\/v2\/media\/3212"}],"wp:attachment":[{"href":"https:\/\/baba-sultan.com\/it\/wp-json\/wp\/v2\/media?parent=1941"}],"wp:term":[{"taxonomy":"product_cat","embeddable":true,"href":"https:\/\/baba-sultan.com\/it\/wp-json\/wp\/v2\/product_cat?post=1941"},{"taxonomy":"product_tag","embeddable":true,"href":"https:\/\/baba-sultan.com\/it\/wp-json\/wp\/v2\/product_tag?post=1941"}],"curies":[{"name":"wp","href":"https:\/\/api.w.org\/{rel}","templated":true}]}}