{"id":1946,"date":"2024-07-02T10:37:52","date_gmt":"2024-07-02T07:37:52","guid":{"rendered":"https:\/\/baba-sultan.com\/product\/queen-nefertiti\/"},"modified":"2024-07-02T10:37:52","modified_gmt":"2024-07-02T07:37:52","slug":"queen-nefertiti","status":"publish","type":"product","link":"https:\/\/baba-sultan.com\/it\/product\/queen-nefertiti\/","title":{"rendered":"Queen Nefertiti"},"content":{"rendered":"<p><strong>&#8220;Queen Nefertiti&#8221; di Baba Sultan<\/strong><br \/>Immergiti nella magnificenza e nel fascino della Regina Nefertiti ad ogni spruzzo di &#8220;Queen Nefertiti&#8221; di Baba Sultan. Un profumo lussuoso che ti trasporter\u00e0 in un&#8217;epoca di gloria e bellezza, ispirato all&#8217;iconica femminilit\u00e0 ed eleganza della regina Nefertiti. Le note di testa di lampone e bergamotto aprono la fragranza con un incanto fruttato, seguite da un cuore vibrante di gelsomino e fiori d&#8217;arancio. Il fondo caldo di vaniglia e muschio lascia un&#8217;impronta indimenticabile.   &#8220;Queen Nefertiti&#8221; non \u00e8 solo un profumo, ma un&#8217;esperienza opulenta che mette in risalto la tua personalit\u00e0 forte e seducente. &#8220;Regina Nefertiti&#8221; \u00e8 il profumo perfetto per aggiungere un tocco di opulenza e raffinatezza a ogni occasione. Vivi ogni momento con la massima eleganza e femminilit\u00e0 grazie a &#8220;Queen Nefertiti&#8221;.  <strong>Note di testa:<\/strong><\/p>\n<ul>\n<li>lampone, bergamotto, aldeidi<\/li>\n<\/ul>\n<p><strong>Note di cuore:<\/strong><\/p>\n<ul>\n<li>gelsomino, rosa, fiore d&#8217;arancio<\/li>\n<\/ul>\n<p><strong>Note di fondo:<\/strong><\/p>\n<ul>\n<li>vaniglia, legni caldi, muschio<\/li>\n<\/ul>\n<p><strong>Breve biografia della Regina Nefertiti<\/strong><br \/><strong>Nome:<\/strong> Nefertiti, che significa &#8220;La bella \u00e8 arrivata&#8221;.<br \/><strong>Periodo:<\/strong> Regn\u00f2 durante il XIV secolo a.C. ed era la moglie del Faraone Akhenaton (Amenhotep IV).<br \/><strong>Ruolo Storico:<\/strong> Nefertiti era la moglie del Faraone Akhenaton e partecip\u00f2 alla rivoluzione religiosa da lui avviata, che si concentrava sul culto del dio del sole Aten, e sostituiva la venerazione dei molteplici d\u00e8i tradizionalmente adorati in Egitto.<br \/><strong>Fama:<\/strong> Nefertiti \u00e8 famosa per la sua leggendaria bellezza, immortalata da statue e sculture, la pi\u00f9 celebre delle quali \u00e8 il busto conservato nel Museo di Berlino, considerato uno dei pi\u00f9 grandi capolavori dell&#8217;arte egizia antica.<br \/><strong>Risultati:<\/strong> si ritiene che Nefertiti abbia avuto una significativa influenza sulla politica e sulla religione dell&#8217;antico Egitto durante il regno di suo marito. Si dice che abbia governato l&#8217;Egitto per un breve periodo dopo la morte di Akhenaton, da sola o come reggente, fino all&#8217;ascesa al trono di Tutankhamon.<br \/><strong>Eredit\u00e0 culturale:<\/strong> Nefertiti \u00e8 considerata un simbolo di bellezza e potere nell&#8217;antico Egitto, e ancora oggi la sua fama continua a ispirare la letteratura e l&#8217;arte.     Nefertiti incarnava femminilit\u00e0, forza e bellezza, e ancora oggi la sua storia continua a essere fonte di ispirazione nei pi\u00f9 svariati campi.<\/p>\n","protected":false},"excerpt":{"rendered":"<p><strong>&#8220;Queen Nefertiti&#8221; di Baba Sultan<\/strong><br \/>Immergiti nella magnificenza e nel fascino della Regina Nefertiti ad ogni spruzzo di &#8220;Queen Nefertiti&#8221; di Baba Sultan. Un profumo lussuoso che ti trasporter\u00e0 in un&#8217;epoca di gloria e bellezza, ispirato all&#8217;iconica femminilit\u00e0 ed eleganza della regina Nefertiti. Le note di testa di lampone e bergamotto aprono la fragranza con un incanto fruttato, seguite da un cuore vibrante di gelsomino e fiori d&#8217;arancio. Il fondo caldo di vaniglia e muschio lascia un&#8217;impronta indimenticabile.   &#8220;Queen Nefertiti&#8221; non \u00e8 solo un profumo, ma un&#8217;esperienza opulenta che mette in risalto la tua personalit\u00e0 forte e seducente. &#8220;Regina Nefertiti&#8221; \u00e8 il profumo perfetto per aggiungere un tocco di opulenza e raffinatezza a ogni occasione. Vivi ogni momento con la massima eleganza e femminilit\u00e0 grazie a &#8220;Queen Nefertiti&#8221;.<\/p>\n<p>Note aromatiche del profumo Queen Nefertiti <br \/><strong>Note di testa:<\/strong> lampone, bergamotto, aldeidi<br \/><strong>Note di cuore:<\/strong> gelsomino, rosa, fiore d&#8217;arancio<br \/><strong>Note di fondo: <\/strong>vaniglia, legni caldi, muschio <\/p>\n","protected":false},"featured_media":2809,"comment_status":"open","ping_status":"closed","template":"","meta":{"_et_pb_use_builder":"","_et_pb_old_content":"","_et_gb_content_width":"","iawp_total_views":38},"product_cat":[452],"product_tag":[521,487,527,533,567,637,565,495,551],"class_list":{"0":"post-1946","1":"product","2":"type-product","3":"status-publish","4":"has-post-thumbnail","6":"product_cat-regine","7":"product_tag-aldeidici","8":"product_tag-bergamotto","9":"product_tag-fiori-di-arancio","10":"product_tag-gelsomino","11":"product_tag-lampone","12":"product_tag-legni-caldi","13":"product_tag-muschio","14":"product_tag-rosa","15":"product_tag-vaniglia","17":"first","18":"instock","19":"shipping-taxable","20":"purchasable","21":"product-type-variable"},"jetpack_sharing_enabled":true,"_links":{"self":[{"href":"https:\/\/baba-sultan.com\/it\/wp-json\/wp\/v2\/product\/1946","targetHints":{"allow":["GET"]}}],"collection":[{"href":"https:\/\/baba-sultan.com\/it\/wp-json\/wp\/v2\/product"}],"about":[{"href":"https:\/\/baba-sultan.com\/it\/wp-json\/wp\/v2\/types\/product"}],"replies":[{"embeddable":true,"href":"https:\/\/baba-sultan.com\/it\/wp-json\/wp\/v2\/comments?post=1946"}],"wp:featuredmedia":[{"embeddable":true,"href":"https:\/\/baba-sultan.com\/it\/wp-json\/wp\/v2\/media\/2809"}],"wp:attachment":[{"href":"https:\/\/baba-sultan.com\/it\/wp-json\/wp\/v2\/media?parent=1946"}],"wp:term":[{"taxonomy":"product_cat","embeddable":true,"href":"https:\/\/baba-sultan.com\/it\/wp-json\/wp\/v2\/product_cat?post=1946"},{"taxonomy":"product_tag","embeddable":true,"href":"https:\/\/baba-sultan.com\/it\/wp-json\/wp\/v2\/product_tag?post=1946"}],"curies":[{"name":"wp","href":"https:\/\/api.w.org\/{rel}","templated":true}]}}