{"id":1975,"date":"2024-07-02T10:52:31","date_gmt":"2024-07-02T07:52:31","guid":{"rendered":"https:\/\/baba-sultan.com\/product\/sara\/"},"modified":"2024-07-02T10:52:31","modified_gmt":"2024-07-02T07:52:31","slug":"sara","status":"publish","type":"product","link":"https:\/\/baba-sultan.com\/it\/product\/sara\/","title":{"rendered":"Sara"},"content":{"rendered":"<p><strong>&#8220;Sara&#8221; di Baba Sultan: scopri la bellezza dello spirito e dell&#8217;autenticit\u00e0<\/strong><br \/>In un mondo pieno di finzioni e superficialit\u00e0, il profumo &#8220;Sara&#8221; si distingue come un incontro con la vera bellezza, che si esprime nell&#8217;autenticit\u00e0 e nella fiducia in s\u00e9 stessi. Questa fragranza pulsa di una vita piena di emozioni e sensazioni profonde, ed \u00e8 ispirata alla storia di una ragazza di nome Sara, che si distingue per la sua forte volont\u00e0 e per l\u2019amore per la vita e l&#8217;arte. Con il profumo &#8220;Sara,&#8221; potrai vivere un viaggio pieno di fascino e emozioni, perch\u00e9 la vera bellezza inizia dall&#8217;interno.<\/p>\n<p>Note aromatiche del profumo Sara<br \/><strong>Note di testa:<\/strong> bergamotto, pepe rosa, arancia amara<br \/><strong>Note di cuore:<\/strong> gelsomino, rosa, violetta<br \/><strong>Note di fondo:<\/strong> patchouli, sandalo<\/p>\n<p><strong>Sara e il Re<\/strong><br \/>C&#8217;era una volta un saggio re che cercava una moglie onesta e fedele con cui condividere il regno. Molte ragazze si presentarono per sposarlo, tra cui la figlia del ministro, la figlia del giudice e la figlia dei pi\u00f9 ricchi mercanti, oltre a una povera ragazza di nome Sara, proveniente da una famiglia umile.<br \/>Il re decise di mettere alla prova le ragazze per scoprire chi fosse la pi\u00f9 onesta e fedele. Diede a ciascuna di loro un seme misterioso, chiedendo di piantarlo, prendersene cura e tornare dopo tre mesi per presentare i risultati della coltivazione. Disse loro che i semi custodivano un antico segreto e che chiunque fosse riuscito a far germogliare il seme avrebbe scoperto questo segreto.       Sara si prese cura del suo seme ogni giorno con dedizione. Lo annaffiava mattina e sera, vegliando su di esso, sperando di vedere il risultato del suo lavoro, ma non vide alcun segno della pianta. La delusione riemp\u00ec il suo cuore durante quei tre mesi. L&#8217;incontro finale si avvicinava e sua madre le disse: &#8220;Sara, non andare. Il seme non \u00e8 germogliato, e sei povera. Sicuramente i semi delle altre ragazze sono germogliati e loro sono pi\u00f9 ricche di te.&#8221;    Ma Sara, nonostante lo scoramento, era determinata ad andare dal re. Disse a sua madre: &#8220;Anche se perder\u00f2, non importa. Prover\u00f2 e non mi arrender\u00f2 solo perch\u00e9 sono povera. Dimostrer\u00f2 che un cuore sincero e onesto merita riconoscimento.&#8221;  Il giorno dell&#8217;incontro, Sara and\u00f2 al palazzo. Quando vide le bellissime piante che le altre ragazze avevano portato, quasi pianse per la disperazione. Magnifici fiori e alberi da frutto riempivano il luogo, mentre lei portava solo un vaso con della terra, senza alcuna pianta. Si sent\u00ec sconfitta ed era sicura di aver perso.    Quando fu il suo turno, fece pesantemente un passo avanti e present\u00f2 il suo vaso vuoto al re. Il re guard\u00f2 le ragazze e chiese gentilmente a Sara: &#8220;Perch\u00e9 non ti sei presa cura del seme che ti ho dato?&#8221;  Con voce tremante e con le lacrime agli occhi, Sara rispose: &#8220;Me ne sono presa cura per tre mesi, mattina e sera, ma non so perch\u00e9 non \u00e8 germogliato.&#8221;<br \/>Allora il re sorrise e annunci\u00f2 che Sara sarebbe stata sua moglie. Spieg\u00f2 che i semi che aveva dato alle ragazze non erano vitali, e solo chi era stato sincero e onesto avrebbe presentato il seme cos\u00ec com&#8217;era. Sara era l&#8217;unica che non aveva n\u00e9 mentito n\u00e9 barato, dimostrando la sua onest\u00e0 e fedelt\u00e0.    Il re rivel\u00f2 il segreto dei semi misteriosi: essi custodivano una magia che solo i fedeli potevano vedere, rivelando la verit\u00e0 agli occhi del re. Con questa decisione, tutto il regno si rese conto che Sara, la ragazza povera, possedeva nel suo cuore qualit\u00e0 rare e preziose, e questa prova la rese un simbolo di onest\u00e0 e sincerit\u00e0.  Con questa sorpresa, tutti impararono una lezione sull&#8217;onest\u00e0 e la fedelt\u00e0, e Sara divenne un simbolo di integrit\u00e0 nel regno, vivendo con il re una vita piena di amore e felicit\u00e0.<\/p>\n","protected":false},"excerpt":{"rendered":"<p><strong>&#8220;Sara&#8221; di Baba Sultan: scopri la bellezza dello spirito e dell&#8217;autenticit\u00e0<\/strong><br \/>In un mondo pieno di finzioni e superficialit\u00e0, il profumo &#8220;Sara&#8221; si distingue come un incontro con la vera bellezza, che si esprime nell&#8217;autenticit\u00e0 e nella fiducia in s\u00e9 stessi. Questa fragranza pulsa di una vita piena di emozioni e sensazioni profonde, ed \u00e8 ispirata alla storia di una ragazza di nome Sara, che si distingue per la sua forte volont\u00e0 e per l\u2019amore per la vita e l&#8217;arte. Con il profumo &#8220;Sara,&#8221; potrai vivere un viaggio pieno di fascino e emozioni, perch\u00e9 la vera bellezza inizia dall&#8217;interno.<\/p>\n<p>Note aromatiche del profumo Sara<br \/><strong>Note di testa:<\/strong> bergamotto, pepe rosa, arancia amara<br \/><strong>Note di cuore:<\/strong> gelsomino, rosa, violetta<br \/><strong>Note di fondo:<\/strong> patchouli, sandalo  <\/p>\n","protected":false},"featured_media":2817,"comment_status":"open","ping_status":"closed","template":"","meta":{"_et_pb_use_builder":"","_et_pb_old_content":"","_et_gb_content_width":"","iawp_total_views":32},"product_cat":[452],"product_tag":[645,487,533,501,511,495,499,647],"class_list":{"0":"post-1975","1":"product","2":"type-product","3":"status-publish","4":"has-post-thumbnail","6":"product_cat-regine","7":"product_tag-arancio-amaro","8":"product_tag-bergamotto","9":"product_tag-gelsomino","10":"product_tag-patchouli-it","11":"product_tag-pepe-rosa","12":"product_tag-rosa","13":"product_tag-sandalo","14":"product_tag-viola","16":"first","17":"instock","18":"shipping-taxable","19":"purchasable","20":"product-type-variable"},"jetpack_sharing_enabled":true,"_links":{"self":[{"href":"https:\/\/baba-sultan.com\/it\/wp-json\/wp\/v2\/product\/1975","targetHints":{"allow":["GET"]}}],"collection":[{"href":"https:\/\/baba-sultan.com\/it\/wp-json\/wp\/v2\/product"}],"about":[{"href":"https:\/\/baba-sultan.com\/it\/wp-json\/wp\/v2\/types\/product"}],"replies":[{"embeddable":true,"href":"https:\/\/baba-sultan.com\/it\/wp-json\/wp\/v2\/comments?post=1975"}],"wp:featuredmedia":[{"embeddable":true,"href":"https:\/\/baba-sultan.com\/it\/wp-json\/wp\/v2\/media\/2817"}],"wp:attachment":[{"href":"https:\/\/baba-sultan.com\/it\/wp-json\/wp\/v2\/media?parent=1975"}],"wp:term":[{"taxonomy":"product_cat","embeddable":true,"href":"https:\/\/baba-sultan.com\/it\/wp-json\/wp\/v2\/product_cat?post=1975"},{"taxonomy":"product_tag","embeddable":true,"href":"https:\/\/baba-sultan.com\/it\/wp-json\/wp\/v2\/product_tag?post=1975"}],"curies":[{"name":"wp","href":"https:\/\/api.w.org\/{rel}","templated":true}]}}